{"id":96,"date":"2021-11-29T06:34:19","date_gmt":"2021-11-29T06:34:19","guid":{"rendered":"https:\/\/mod-media.net\/?page_id=96"},"modified":"2024-12-16T10:10:50","modified_gmt":"2024-12-16T09:10:50","slug":"faq","status":"publish","type":"page","link":"https:\/\/www.mod-media.net\/index.php\/faq\/","title":{"rendered":"FAQ"},"content":{"rendered":"<h6 style=\"text-align: center;\">Servereinstellungen:<\/h6>\n<pre style=\"text-align: center;\">Server f\u00fcr POP3: mx1.mod-media.net<\/pre>\n<pre style=\"text-align: center;\">Server f\u00fcr IMAP: mx1.mod-media.net<\/pre>\n<pre style=\"text-align: center;\">Server f\u00fcr SMTP: mx1.mod-media.net<\/pre>\n<pre style=\"text-align: center;\">SSL-Verschl\u00fcsselung aktivieren!<\/pre>\n<pre style=\"text-align: center;\">POP3-SSL-Port: 995<\/pre>\n<pre style=\"text-align: center;\">IMAP-SSL-Port: 993<\/pre>\n<pre style=\"text-align: center;\">SMTP-StarTTLS-Port: 587<\/pre>\n<pre style=\"text-align: center;\">alternativ SMTP-SSL-Port: 465<\/pre>\n<pre style=\"text-align: center;\">Achtung auch beim Benutzername:<\/pre>\n<pre style=\"text-align: center;\">\u00c4ltere Benutzer: webxxpxx<\/pre>\n<pre style=\"text-align: center;\">Neuere Benutzer: E-Mail-Adresse\n\nAchtung: Bei mehrmaliger Falscheingabe z.B. des Passswortes, \nwird jegliche Kommunikation f\u00fcr ca. 10 Minuten gesperrt. \nTrennen Sie Ihr Endger\u00e4t f\u00fcr mind. 10 Min. vom Internet und \nversuchen Sie den Zugang dann erneut herzustellen.<\/pre>\n","protected":false},"excerpt":{"rendered":"<p>Servereinstellungen: Server f\u00fcr POP3: mx1.mod-media.net Server f\u00fcr IMAP: mx1.mod-media.net Server f\u00fcr SMTP: mx1.mod-media.net SSL-Verschl\u00fcsselung aktivieren! POP3-SSL-Port: 995 IMAP-SSL-Port: 993 SMTP-StarTTLS-Port: 587 alternativ SMTP-SSL-Port: 465 Achtung auch beim Benutzername: \u00c4ltere Benutzer: webxxpxx Neuere Benutzer: E-Mail-Adresse Achtung: Bei mehrmaliger Falscheingabe z.B. des Passswortes, wird jegliche Kommunikation f\u00fcr ca. 10 Minuten gesperrt. Trennen Sie Ihr Endger\u00e4t f\u00fcr mind. &hellip; <\/p>\n<p class=\"link-more\"><a href=\"https:\/\/www.mod-media.net\/index.php\/faq\/\" class=\"more-link\"><span class=\"screen-reader-text\">\u201eFAQ\u201c <\/span>weiterlesen<\/a><\/p>\n","protected":false},"author":1,"featured_media":0,"parent":0,"menu_order":0,"comment_status":"closed","ping_status":"closed","template":"","meta":{"footnotes":""},"class_list":["post-96","page","type-page","status-publish","hentry","entry"],"_links":{"self":[{"href":"https:\/\/www.mod-media.net\/index.php\/wp-json\/wp\/v2\/pages\/96","targetHints":{"allow":["GET"]}}],"collection":[{"href":"https:\/\/www.mod-media.net\/index.php\/wp-json\/wp\/v2\/pages"}],"about":[{"href":"https:\/\/www.mod-media.net\/index.php\/wp-json\/wp\/v2\/types\/page"}],"author":[{"embeddable":true,"href":"https:\/\/www.mod-media.net\/index.php\/wp-json\/wp\/v2\/users\/1"}],"replies":[{"embeddable":true,"href":"https:\/\/www.mod-media.net\/index.php\/wp-json\/wp\/v2\/comments?post=96"}],"version-history":[{"count":10,"href":"https:\/\/www.mod-media.net\/index.php\/wp-json\/wp\/v2\/pages\/96\/revisions"}],"predecessor-version":[{"id":154,"href":"https:\/\/www.mod-media.net\/index.php\/wp-json\/wp\/v2\/pages\/96\/revisions\/154"}],"wp:attachment":[{"href":"https:\/\/www.mod-media.net\/index.php\/wp-json\/wp\/v2\/media?parent=96"}],"curies":[{"name":"wp","href":"https:\/\/api.w.org\/{rel}","templated":true}]}}